{"id":7164,"date":"2020-04-27T15:50:28","date_gmt":"2020-04-27T15:50:28","guid":{"rendered":"https:\/\/math.uniri.hr\/?page_id=7164"},"modified":"2026-03-15T16:33:52","modified_gmt":"2026-03-15T16:33:52","slug":"about","status":"publish","type":"page","link":"https:\/\/math.uniri.hr\/en\/about\/","title":{"rendered":"General information"},"content":{"rendered":"\n<p><strong>Dean<\/strong>: Prof. Dean Crnkovi\u0107<br><strong>Vice Dean for Students and Teaching<\/strong>: Assoc. Prof. Tajana Ban Kirigin<br><strong>Vice Dean for Science, Projects, and International Cooperatio<\/strong>n: Assoc. Prof. Andrea \u0160vob<\/p>\n\n\n\n<p><strong>Address<\/strong>: Radmile Matej\u010di\u0107 2, 51000 Rijeka, Croatia<br><strong>Phone<\/strong>: 0038551 584 650<br><strong>Fax<\/strong>: 0038551 584 699.<br><strong>E-mail<\/strong>:&nbsp;<a href=\"mailto:math@math.uniri.hr\">math@math.uniri.hr<\/a><\/p>\n\n\n\n<p><strong>Administrator<\/strong>: Vesna Kova\u010d (e-mail:&nbsp;<a href=\"mailto:vkovac@math.uniri.hr\">vkov<\/a><a href=\"mailto:vkovac@math.uniri.hr\">ac@math.uniri.hr<\/a>)<br><strong>Student service clerk<\/strong>: Ana Mar\u010delja (phone: 0038551&nbsp;584 771).<\/p>\n\n\n\n<hr class=\"wp-block-separator has-alpha-channel-opacity\"\/>\n\n\n\n<p><strong>OIB<\/strong>: 64218323816<br><strong>Registration Number<\/strong>: 3337413-002<br><strong>Bank giro account<\/strong>:&nbsp; 2360000-1400485142 (Zagreba\u010dka banka d.d.)<br><strong>IBAN<\/strong>: HR7923600001400485142<\/p>\n","protected":false},"excerpt":{"rendered":"<p>Dean: Prof. Dean Crnkovi\u0107Vice Dean for Students and Teaching: Assoc. Prof. Tajana Ban KiriginVice Dean for Science, Projects, and International Cooperation: Assoc. Prof. Andrea \u0160vob Address: Radmile Matej\u010di\u0107 2, 51000 Rijeka, CroatiaPhone: 0038551 584 650Fax: 0038551 584 699.E-mail:&nbsp;math@math.uniri.hr Administrator: Vesna Kova\u010d (e-mail:&nbsp;vkovac@math.uniri.hr)Student service clerk: Ana Mar\u010delja (phone: 0038551&nbsp;584 771). OIB: 64218323816Registration Number: 3337413-002Bank giro account:&nbsp; [&hellip;]<\/p>\n","protected":false},"author":4,"featured_media":0,"parent":0,"menu_order":2,"comment_status":"closed","ping_status":"closed","template":"","meta":{"_acf_changed":false,"ub_ctt_via":"","footnotes":""},"class_list":["post-7164","page","type-page","status-publish","hentry"],"acf":[],"featured_image_src":null,"_links":{"self":[{"href":"https:\/\/math.uniri.hr\/en\/wp-json\/wp\/v2\/pages\/7164","targetHints":{"allow":["GET"]}}],"collection":[{"href":"https:\/\/math.uniri.hr\/en\/wp-json\/wp\/v2\/pages"}],"about":[{"href":"https:\/\/math.uniri.hr\/en\/wp-json\/wp\/v2\/types\/page"}],"author":[{"embeddable":true,"href":"https:\/\/math.uniri.hr\/en\/wp-json\/wp\/v2\/users\/4"}],"replies":[{"embeddable":true,"href":"https:\/\/math.uniri.hr\/en\/wp-json\/wp\/v2\/comments?post=7164"}],"version-history":[{"count":3,"href":"https:\/\/math.uniri.hr\/en\/wp-json\/wp\/v2\/pages\/7164\/revisions"}],"predecessor-version":[{"id":7617,"href":"https:\/\/math.uniri.hr\/en\/wp-json\/wp\/v2\/pages\/7164\/revisions\/7617"}],"wp:attachment":[{"href":"https:\/\/math.uniri.hr\/en\/wp-json\/wp\/v2\/media?parent=7164"}],"curies":[{"name":"wp","href":"https:\/\/api.w.org\/{rel}","templated":true}]}}