{"id":7169,"date":"2023-04-24T09:25:54","date_gmt":"2023-04-24T09:25:54","guid":{"rendered":"https:\/\/math.uniri.hr\/?page_id=7169"},"modified":"2026-04-15T06:31:13","modified_gmt":"2026-04-15T06:31:13","slug":"staff","status":"publish","type":"page","link":"https:\/\/math.uniri.hr\/en\/about\/staff\/","title":{"rendered":"Staff"},"content":{"rendered":"\t\t<div data-elementor-type=\"wp-page\" data-elementor-id=\"7169\" class=\"elementor elementor-7169 elementor-3116\" data-elementor-post-type=\"page\">\n\t\t\t\t\t\t<section class=\"elementor-section elementor-top-section elementor-element elementor-element-558c25b5 elementor-section-boxed elementor-section-height-default elementor-section-height-default\" data-id=\"558c25b5\" data-element_type=\"section\">\n\t\t\t\t\t\t<div class=\"elementor-container elementor-column-gap-no\">\n\t\t\t\t\t<div class=\"elementor-column elementor-col-100 elementor-top-column elementor-element elementor-element-2bab3861\" data-id=\"2bab3861\" data-element_type=\"column\">\n\t\t\t<div class=\"elementor-widget-wrap elementor-element-populated\">\n\t\t\t\t\t\t<div class=\"elementor-element elementor-element-64bc25d elementor-widget elementor-widget-heading\" data-id=\"64bc25d\" data-element_type=\"widget\" data-widget_type=\"heading.default\">\n\t\t\t\t<div class=\"elementor-widget-container\">\n\t\t\t\t\t<span class=\"elementor-heading-title elementor-size-default\">Full Professors<\/span>\t\t\t\t<\/div>\n\t\t\t\t<\/div>\n\t\t\t\t<div class=\"dce-fix-background-loop elementor-element elementor-element-4d55b93 UNIRI-popis-djelatnika elementor-widget elementor-widget-dce-views\" data-id=\"4d55b93\" data-element_type=\"widget\" data-settings=\"{&quot;dce_views_style_format&quot;:&quot;list&quot;}\" data-widget_type=\"dce-views.default\">\n\t\t\t\t<div class=\"elementor-widget-container\">\n\t\t\t\t\t<div class=\"dce-view-results-wrapper\"><div class=\"dce-view-results\"><ul class=\"dce-view-list  dce-view-archive\"><li class=\"dce-views-render-list dce-view-list-element   dce-view-element dce-view-element-3566 dce-view-single-wrapper dce-view-single\"><div class=\"ELL-djelatnik\"><span>Dean Crnkovi\u0107\n<\/span><a href=\"https:\/\/math.uniri.hr\/en\/djelatnici\/dean-crnkovic\/\">Employee Profile<\/a><\/div><\/li><li class=\"dce-views-render-list dce-view-list-element   dce-view-element dce-view-element-3567 dce-view-single-wrapper dce-view-single\"><div class=\"ELL-djelatnik\"><span>Predrag Dominis Prester\n<\/span><a href=\"https:\/\/math.uniri.hr\/en\/djelatnici\/predrag-dominis-prester\/\">Employee Profile<\/a><\/div><\/li><li class=\"dce-views-render-list dce-view-list-element   dce-view-element dce-view-element-3568 dce-view-single-wrapper dce-view-single\"><div class=\"ELL-djelatnik\"><span>Sanja Rukavina\n<\/span><a href=\"https:\/\/math.uniri.hr\/en\/djelatnici\/sanja-rukavina\/\">Employee Profile<\/a><\/div><\/li><\/ul><\/div><\/div>\t\t\t\t<\/div>\n\t\t\t\t<\/div>\n\t\t\t\t<div class=\"elementor-element elementor-element-f5d931d elementor-widget elementor-widget-heading\" data-id=\"f5d931d\" data-element_type=\"widget\" data-widget_type=\"heading.default\">\n\t\t\t\t<div class=\"elementor-widget-container\">\n\t\t\t\t\t<span class=\"elementor-heading-title elementor-size-default\">Associate professors<\/span>\t\t\t\t<\/div>\n\t\t\t\t<\/div>\n\t\t\t\t<div class=\"dce-fix-background-loop elementor-element elementor-element-731cc9e UNIRI-popis-djelatnika elementor-widget elementor-widget-dce-views\" data-id=\"731cc9e\" data-element_type=\"widget\" data-settings=\"{&quot;dce_views_style_format&quot;:&quot;list&quot;}\" data-widget_type=\"dce-views.default\">\n\t\t\t\t<div class=\"elementor-widget-container\">\n\t\t\t\t\t<div class=\"dce-view-results-wrapper\"><div class=\"dce-view-results\"><ul class=\"dce-view-list  dce-view-archive\"><li class=\"dce-views-render-list dce-view-list-element   dce-view-element dce-view-element-3569 dce-view-single-wrapper dce-view-single\"><div class=\"ELL-djelatnik\"><span>Tajana Ban Kirigin\n<\/span><a href=\"https:\/\/math.uniri.hr\/en\/djelatnici\/tajana-ban-kirigin\/\">Employee Profile<\/a><\/div><\/li><li class=\"dce-views-render-list dce-view-list-element   dce-view-element dce-view-element-3577 dce-view-single-wrapper dce-view-single\"><div class=\"ELL-djelatnik\"><span>Sanda Buja\u010di\u0107 Babi\u0107\n<\/span><a href=\"https:\/\/math.uniri.hr\/en\/djelatnici\/sanda-bujacic-babic\/\">Employee Profile<\/a><\/div><\/li><li class=\"dce-views-render-list dce-view-list-element   dce-view-element dce-view-element-3570 dce-view-single-wrapper dce-view-single\"><div class=\"ELL-djelatnik\"><span>Marijana Butorac\n<\/span><a href=\"https:\/\/math.uniri.hr\/en\/djelatnici\/marijana-butorac\/\">Employee Profile<\/a><\/div><\/li><li class=\"dce-views-render-list dce-view-list-element   dce-view-element dce-view-element-3571 dce-view-single-wrapper dce-view-single\"><div class=\"ELL-djelatnik\"><span>Bojan  Crnkovi\u0107\n<\/span><a href=\"https:\/\/math.uniri.hr\/en\/djelatnici\/bojan-crnkovic\/\">Employee Profile<\/a><\/div><\/li><li class=\"dce-views-render-list dce-view-list-element   dce-view-element dce-view-element-3572 dce-view-single-wrapper dce-view-single\"><div class=\"ELL-djelatnik\"><span>Davor  Dragi\u010devi\u0107\n<\/span><a href=\"https:\/\/math.uniri.hr\/en\/djelatnici\/davor-dragicevic\/\">Employee Profile<\/a><\/div><\/li><li class=\"dce-views-render-list dce-view-list-element   dce-view-element dce-view-element-3578 dce-view-single-wrapper dce-view-single\"><div class=\"ELL-djelatnik\"><span>Doris Dumi\u010di\u0107 Danilovi\u0107\n<\/span><a href=\"https:\/\/math.uniri.hr\/en\/djelatnici\/doris-dumicic-danilovic\/\">Employee Profile<\/a><\/div><\/li><li class=\"dce-views-render-list dce-view-list-element   dce-view-element dce-view-element-3573 dce-view-single-wrapper dce-view-single\"><div class=\"ELL-djelatnik\"><span>Ana  Jurasi\u0107\n<\/span><a href=\"https:\/\/math.uniri.hr\/en\/djelatnici\/ana-jurasic\/\">Employee Profile<\/a><\/div><\/li><li class=\"dce-views-render-list dce-view-list-element   dce-view-element dce-view-element-3574 dce-view-single-wrapper dce-view-single\"><div class=\"ELL-djelatnik\"><span>Danijel Krizmani\u0107\n<\/span><a href=\"https:\/\/math.uniri.hr\/en\/djelatnici\/danijel-krizmanic\/\">Employee Profile<\/a><\/div><\/li><li class=\"dce-views-render-list dce-view-list-element   dce-view-element dce-view-element-3580 dce-view-single-wrapper dce-view-single\"><div class=\"ELL-djelatnik\"><span>Marija Maksimovi\u0107\n<\/span><a href=\"https:\/\/math.uniri.hr\/en\/djelatnici\/marija-maksimovic\/\">Employee Profile<\/a><\/div><\/li><li class=\"dce-views-render-list dce-view-list-element   dce-view-element dce-view-element-3575 dce-view-single-wrapper dce-view-single\"><div class=\"ELL-djelatnik\"><span>Vedrana Mikuli\u0107 Crnkovi\u0107\n<\/span><a href=\"https:\/\/math.uniri.hr\/en\/djelatnici\/vedrana-mikulic-crnkovic\/\">Employee Profile<\/a><\/div><\/li><li class=\"dce-views-render-list dce-view-list-element   dce-view-element dce-view-element-3576 dce-view-single-wrapper dce-view-single\"><div class=\"ELL-djelatnik\"><span>Andrea \u0160vob\n<\/span><a href=\"https:\/\/math.uniri.hr\/en\/djelatnici\/andrea-svob\/\">Employee Profile<\/a><\/div><\/li><li class=\"dce-views-render-list dce-view-list-element   dce-view-element dce-view-element-3585 dce-view-single-wrapper dce-view-single\"><div class=\"ELL-djelatnik\"><span>Vera Toni\u0107\n<\/span><a href=\"https:\/\/math.uniri.hr\/en\/djelatnici\/vera-tonic\/\">Employee Profile<\/a><\/div><\/li><\/ul><\/div><\/div>\t\t\t\t<\/div>\n\t\t\t\t<\/div>\n\t\t\t\t<div class=\"elementor-element elementor-element-6ca2525 elementor-widget elementor-widget-heading\" data-id=\"6ca2525\" data-element_type=\"widget\" data-widget_type=\"heading.default\">\n\t\t\t\t<div class=\"elementor-widget-container\">\n\t\t\t\t\t<span class=\"elementor-heading-title elementor-size-default\">Assistant professors<\/span>\t\t\t\t<\/div>\n\t\t\t\t<\/div>\n\t\t\t\t<div class=\"dce-fix-background-loop elementor-element elementor-element-3eee2ee UNIRI-popis-djelatnika elementor-widget elementor-widget-dce-views\" data-id=\"3eee2ee\" data-element_type=\"widget\" data-settings=\"{&quot;dce_views_style_format&quot;:&quot;list&quot;}\" data-widget_type=\"dce-views.default\">\n\t\t\t\t<div class=\"elementor-widget-container\">\n\t\t\t\t\t<div class=\"dce-view-results-wrapper\"><div class=\"dce-view-results\"><ul class=\"dce-view-list  dce-view-archive\"><li class=\"dce-views-render-list dce-view-list-element   dce-view-element dce-view-element-3587 dce-view-single-wrapper dce-view-single\"><div class=\"ELL-djelatnik\"><span>Sara Ban Martinovi\u0107\n<\/span><a href=\"https:\/\/math.uniri.hr\/en\/djelatnici\/sara-ban\/\">Employee Profile<\/a><\/div><\/li><li class=\"dce-views-render-list dce-view-list-element   dce-view-element dce-view-element-3588 dce-view-single-wrapper dce-view-single\"><div class=\"ELL-djelatnik\"><span>Ana  Grbac\n<\/span><a href=\"https:\/\/math.uniri.hr\/en\/djelatnici\/ana-grbac\/\">Employee Profile<\/a><\/div><\/li><li class=\"dce-views-render-list dce-view-list-element   dce-view-element dce-view-element-3579 dce-view-single-wrapper dce-view-single\"><div class=\"ELL-djelatnik\"><span>Daniel  Hawtin\n<\/span><a href=\"https:\/\/math.uniri.hr\/en\/djelatnici\/daniel-hawtin\/\">Employee Profile<\/a><\/div><\/li><li class=\"dce-views-render-list dce-view-list-element   dce-view-element dce-view-element-3589 dce-view-single-wrapper dce-view-single\"><div class=\"ELL-djelatnik\"><span>Nevena  Jur\u010devi\u0107 Pe\u010dek\n<\/span><a href=\"https:\/\/math.uniri.hr\/en\/djelatnici\/nevena-jurcevic-pecek\/\">Employee Profile<\/a><\/div><\/li><li class=\"dce-views-render-list dce-view-list-element   dce-view-element dce-view-element-3581 dce-view-single-wrapper dce-view-single\"><div class=\"ELL-djelatnik\"><span>Nina  Mostarac\n<\/span><a href=\"https:\/\/math.uniri.hr\/en\/djelatnici\/nina-mostarac\/\">Employee Profile<\/a><\/div><\/li><li class=\"dce-views-render-list dce-view-list-element   dce-view-element dce-view-element-3584 dce-view-single-wrapper dce-view-single\"><div class=\"ELL-djelatnik\"><span>Marina \u0160imac\n<\/span><a href=\"https:\/\/math.uniri.hr\/en\/djelatnici\/marina-simac\/\">Employee Profile<\/a><\/div><\/li><li class=\"dce-views-render-list dce-view-list-element   dce-view-element dce-view-element-3582 dce-view-single-wrapper dce-view-single\"><div class=\"ELL-djelatnik\"><span>Ivana Slami\u0107\n<\/span><a href=\"https:\/\/math.uniri.hr\/en\/djelatnici\/ivana-slamic\/\">Employee Profile<\/a><\/div><\/li><li class=\"dce-views-render-list dce-view-list-element   dce-view-element dce-view-element-3583 dce-view-single-wrapper dce-view-single\"><div class=\"ELL-djelatnik\"><span>Milena  So\u0161i\u0107\n<\/span><a href=\"https:\/\/math.uniri.hr\/en\/djelatnici\/milena-sosic\/\">Employee Profile<\/a><\/div><\/li><\/ul><\/div><\/div>\t\t\t\t<\/div>\n\t\t\t\t<\/div>\n\t\t\t\t<div class=\"elementor-element elementor-element-d2ebe84 elementor-widget elementor-widget-heading\" data-id=\"d2ebe84\" data-element_type=\"widget\" data-widget_type=\"heading.default\">\n\t\t\t\t<div class=\"elementor-widget-container\">\n\t\t\t\t\t<span class=\"elementor-heading-title elementor-size-default\">Senior Lecturers<\/span>\t\t\t\t<\/div>\n\t\t\t\t<\/div>\n\t\t\t\t<div class=\"dce-fix-background-loop elementor-element elementor-element-d99a733 UNIRI-popis-djelatnika elementor-widget elementor-widget-dce-views\" data-id=\"d99a733\" data-element_type=\"widget\" data-settings=\"{&quot;dce_views_style_format&quot;:&quot;list&quot;}\" data-widget_type=\"dce-views.default\">\n\t\t\t\t<div class=\"elementor-widget-container\">\n\t\t\t\t\t<div class=\"dce-view-results-wrapper\"><div class=\"dce-view-results\"><ul class=\"dce-view-list  dce-view-archive\"><li class=\"dce-views-render-list dce-view-list-element   dce-view-element dce-view-element-3586 dce-view-single-wrapper dce-view-single\"><div class=\"ELL-djelatnik\"><span>Ines Rado\u0161evi\u0107 Medvidovi\u0107\n<\/span><a href=\"https:\/\/math.uniri.hr\/en\/djelatnici\/ines-radosevic-medvidovic\/\">Employee Profile<\/a><\/div><\/li><\/ul><\/div><\/div>\t\t\t\t<\/div>\n\t\t\t\t<\/div>\n\t\t\t\t<div class=\"elementor-element elementor-element-212b480 elementor-widget elementor-widget-heading\" data-id=\"212b480\" data-element_type=\"widget\" data-widget_type=\"heading.default\">\n\t\t\t\t<div class=\"elementor-widget-container\">\n\t\t\t\t\t<span class=\"elementor-heading-title elementor-size-default\">Senior assistants<\/span>\t\t\t\t<\/div>\n\t\t\t\t<\/div>\n\t\t\t\t<div class=\"dce-fix-background-loop elementor-element elementor-element-e7e3fc6 UNIRI-popis-djelatnika elementor-widget elementor-widget-dce-views\" data-id=\"e7e3fc6\" data-element_type=\"widget\" data-settings=\"{&quot;dce_views_style_format&quot;:&quot;list&quot;}\" data-widget_type=\"dce-views.default\">\n\t\t\t\t<div class=\"elementor-widget-container\">\n\t\t\t\t\t<div class=\"dce-view-results-wrapper\"><div class=\"dce-view-results\"><ul class=\"dce-view-list  dce-view-archive\"><li class=\"dce-views-render-list dce-view-list-element   dce-view-element dce-view-element-5965 dce-view-single-wrapper dce-view-single\"><div class=\"ELL-djelatnik\"><span>Nour  Alnajjarine\n<\/span><a href=\"https:\/\/math.uniri.hr\/en\/djelatnici\/nour-alnajjarine\/\">Employee Profile<\/a><\/div><\/li><li class=\"dce-views-render-list dce-view-list-element   dce-view-element dce-view-element-3590 dce-view-single-wrapper dce-view-single\"><div class=\"ELL-djelatnik\"><span>Matteo Mravi\u0107\n<\/span><a href=\"https:\/\/math.uniri.hr\/en\/djelatnici\/matteo-mravic\/\">Employee Profile<\/a><\/div><\/li><li class=\"dce-views-render-list dce-view-list-element   dce-view-element dce-view-element-3591 dce-view-single-wrapper dce-view-single\"><div class=\"ELL-djelatnik\"><span>Ivona Traunkar\n<\/span><a href=\"https:\/\/math.uniri.hr\/en\/djelatnici\/ivona-traunkar\/\">Employee Profile<\/a><\/div><\/li><li class=\"dce-views-render-list dce-view-list-element   dce-view-element dce-view-element-3592 dce-view-single-wrapper dce-view-single\"><div class=\"ELL-djelatnik\"><span>Tin Zrinski\n<\/span><a href=\"https:\/\/math.uniri.hr\/en\/djelatnici\/tin-zrinski\/\">Employee Profile<\/a><\/div><\/li><li class=\"dce-views-render-list dce-view-list-element   dce-view-element dce-view-element-3596 dce-view-single-wrapper dce-view-single\"><div class=\"ELL-djelatnik\"><span>Matea Zubovi\u0107 \u017dutolija\n<\/span><a href=\"https:\/\/math.uniri.hr\/en\/djelatnici\/matea-zubovic\/\">Employee Profile<\/a><\/div><\/li><\/ul><\/div><\/div>\t\t\t\t<\/div>\n\t\t\t\t<\/div>\n\t\t\t\t<div class=\"elementor-element elementor-element-f99dfb7 elementor-widget elementor-widget-heading\" data-id=\"f99dfb7\" data-element_type=\"widget\" data-widget_type=\"heading.default\">\n\t\t\t\t<div class=\"elementor-widget-container\">\n\t\t\t\t\t<span class=\"elementor-heading-title elementor-size-default\">assistants<\/span>\t\t\t\t<\/div>\n\t\t\t\t<\/div>\n\t\t\t\t<div class=\"dce-fix-background-loop elementor-element elementor-element-1d52bf7 UNIRI-popis-djelatnika elementor-widget elementor-widget-dce-views\" data-id=\"1d52bf7\" data-element_type=\"widget\" data-settings=\"{&quot;dce_views_style_format&quot;:&quot;list&quot;}\" data-widget_type=\"dce-views.default\">\n\t\t\t\t<div class=\"elementor-widget-container\">\n\t\t\t\t\t<div class=\"dce-view-results-wrapper\"><div class=\"dce-view-results\"><ul class=\"dce-view-list  dce-view-archive\"><li class=\"dce-views-render-list dce-view-list-element   dce-view-element dce-view-element-7816 dce-view-single-wrapper dce-view-single\"><div class=\"ELL-djelatnik\"><span>Martina Baraba\n<\/span><a href=\"https:\/\/math.uniri.hr\/en\/djelatnici\/martina-baraba\/\">Employee Profile<\/a><\/div><\/li><li class=\"dce-views-render-list dce-view-list-element   dce-view-element dce-view-element-3593 dce-view-single-wrapper dce-view-single\"><div class=\"ELL-djelatnik\"><span>Daniel  \u0160anko\n<\/span><a href=\"https:\/\/math.uniri.hr\/en\/djelatnici\/daniel-sanko\/\">Employee Profile<\/a><\/div><\/li><li class=\"dce-views-render-list dce-view-list-element   dce-view-element dce-view-element-4739 dce-view-single-wrapper dce-view-single\"><div class=\"ELL-djelatnik\"><span>Antonio \u0160pac\n<\/span><a href=\"https:\/\/math.uniri.hr\/en\/djelatnici\/4739\/\">Employee Profile<\/a><\/div><\/li><li class=\"dce-views-render-list dce-view-list-element   dce-view-element dce-view-element-3595 dce-view-single-wrapper dce-view-single\"><div class=\"ELL-djelatnik\"><span>Ana  \u0160umberac\n<\/span><a href=\"https:\/\/math.uniri.hr\/en\/djelatnici\/ana-sumberac\/\">Employee Profile<\/a><\/div><\/li><\/ul><\/div><\/div>\t\t\t\t<\/div>\n\t\t\t\t<\/div>\n\t\t\t\t<div class=\"elementor-element elementor-element-b5f4a9f elementor-widget elementor-widget-heading\" data-id=\"b5f4a9f\" data-element_type=\"widget\" data-widget_type=\"heading.default\">\n\t\t\t\t<div class=\"elementor-widget-container\">\n\t\t\t\t\t<span class=\"elementor-heading-title elementor-size-default\">Dean's office<\/span>\t\t\t\t<\/div>\n\t\t\t\t<\/div>\n\t\t\t\t<div class=\"dce-fix-background-loop elementor-element elementor-element-bf67dc3 UNIRI-popis-djelatnika elementor-widget elementor-widget-dce-views\" data-id=\"bf67dc3\" data-element_type=\"widget\" data-settings=\"{&quot;dce_views_style_format&quot;:&quot;list&quot;}\" data-widget_type=\"dce-views.default\">\n\t\t\t\t<div class=\"elementor-widget-container\">\n\t\t\t\t\t<div class=\"dce-view-results-wrapper\"><div class=\"dce-view-results\"><ul class=\"dce-view-list  dce-view-archive\"><li class=\"dce-views-render-list dce-view-list-element   dce-view-element dce-view-element-3998 dce-view-single-wrapper dce-view-single\"><div class=\"ELL-djelatnik\"><span>Vesna Kova\u010d\n<\/span><a href=\"https:\/\/math.uniri.hr\/en\/djelatnici\/3998\/\">Employee Profile<\/a><\/div><\/li><li class=\"dce-views-render-list dce-view-list-element   dce-view-element dce-view-element-3999 dce-view-single-wrapper dce-view-single\"><div class=\"ELL-djelatnik\"><span>Sofija Stella Tomi\u0107\n<\/span><a href=\"https:\/\/math.uniri.hr\/en\/djelatnici\/sofija-stella-tomic\/\">Employee Profile<\/a><\/div><\/li><\/ul><\/div><\/div>\t\t\t\t<\/div>\n\t\t\t\t<\/div>\n\t\t\t\t<div class=\"elementor-element elementor-element-8066851 elementor-widget elementor-widget-heading\" data-id=\"8066851\" data-element_type=\"widget\" data-widget_type=\"heading.default\">\n\t\t\t\t<div class=\"elementor-widget-container\">\n\t\t\t\t\t<span class=\"elementor-heading-title elementor-size-default\">Legal and Human Resources Affairs Office<\/span>\t\t\t\t<\/div>\n\t\t\t\t<\/div>\n\t\t\t\t<div class=\"dce-fix-background-loop elementor-element elementor-element-96f5164 UNIRI-popis-djelatnika elementor-widget elementor-widget-dce-views\" data-id=\"96f5164\" data-element_type=\"widget\" data-settings=\"{&quot;dce_views_style_format&quot;:&quot;list&quot;}\" data-widget_type=\"dce-views.default\">\n\t\t\t\t<div class=\"elementor-widget-container\">\n\t\t\t\t\t<div class=\"dce-view-results-wrapper\"><div class=\"dce-view-results\"><ul class=\"dce-view-list  dce-view-archive\"><li class=\"dce-views-render-list dce-view-list-element   dce-view-element dce-view-element-7657 dce-view-single-wrapper dce-view-single\"><div class=\"ELL-djelatnik\"><span>Sara Mikuli\u010di\u0107\n<\/span><a href=\"https:\/\/math.uniri.hr\/en\/djelatnici\/7657\/\">Employee Profile<\/a><\/div><\/li><\/ul><\/div><\/div>\t\t\t\t<\/div>\n\t\t\t\t<\/div>\n\t\t\t\t\t<\/div>\n\t\t<\/div>\n\t\t\t\t\t<\/div>\n\t\t<\/section>\n\t\t\t\t<\/div>\n\t\t","protected":false},"excerpt":{"rendered":"<p>Full Professors Dean Crnkovi\u0107 Employee Profile Predrag Dominis Prester Employee Profile Sanja Rukavina Employee Profile Associate professors Tajana Ban Kirigin Employee Profile Sanda Buja\u010di\u0107 Babi\u0107 Employee Profile Marijana Butorac Employee Profile Bojan Crnkovi\u0107 Employee Profile Davor Dragi\u010devi\u0107 Employee Profile Doris Dumi\u010di\u0107 Danilovi\u0107 Employee Profile Ana Jurasi\u0107 Employee Profile Danijel Krizmani\u0107 Employee Profile Marija Maksimovi\u0107 Employee [&hellip;]<\/p>\n","protected":false},"author":4,"featured_media":0,"parent":7164,"menu_order":6,"comment_status":"closed","ping_status":"closed","template":"","meta":{"_acf_changed":false,"ub_ctt_via":"","footnotes":""},"class_list":["post-7169","page","type-page","status-publish","hentry"],"acf":[],"featured_image_src":null,"_links":{"self":[{"href":"https:\/\/math.uniri.hr\/en\/wp-json\/wp\/v2\/pages\/7169","targetHints":{"allow":["GET"]}}],"collection":[{"href":"https:\/\/math.uniri.hr\/en\/wp-json\/wp\/v2\/pages"}],"about":[{"href":"https:\/\/math.uniri.hr\/en\/wp-json\/wp\/v2\/types\/page"}],"author":[{"embeddable":true,"href":"https:\/\/math.uniri.hr\/en\/wp-json\/wp\/v2\/users\/4"}],"replies":[{"embeddable":true,"href":"https:\/\/math.uniri.hr\/en\/wp-json\/wp\/v2\/comments?post=7169"}],"version-history":[{"count":37,"href":"https:\/\/math.uniri.hr\/en\/wp-json\/wp\/v2\/pages\/7169\/revisions"}],"predecessor-version":[{"id":7923,"href":"https:\/\/math.uniri.hr\/en\/wp-json\/wp\/v2\/pages\/7169\/revisions\/7923"}],"up":[{"embeddable":true,"href":"https:\/\/math.uniri.hr\/en\/wp-json\/wp\/v2\/pages\/7164"}],"wp:attachment":[{"href":"https:\/\/math.uniri.hr\/en\/wp-json\/wp\/v2\/media?parent=7169"}],"curies":[{"name":"wp","href":"https:\/\/api.w.org\/{rel}","templated":true}]}}