{"id":7176,"date":"2021-03-09T10:10:59","date_gmt":"2021-03-09T10:10:59","guid":{"rendered":"https:\/\/math.uniri.hr\/?page_id=7176"},"modified":"2026-04-22T10:10:34","modified_gmt":"2026-04-22T10:10:34","slug":"division-of-discrete-mathematics","status":"publish","type":"page","link":"https:\/\/math.uniri.hr\/en\/about\/organization\/division-of-discrete-mathematics\/","title":{"rendered":"Division of Discrete Mathematics"},"content":{"rendered":"\n<h3 class=\"wp-block-heading\">Chair:<\/h3>\n\n\n\n<p>Assoc. Prof. Vedrana Mikuli\u0107 Crnkovi\u0107<\/p>\n\n\n\n<h3 class=\"wp-block-heading\">Members:<\/h3>\n\n\n\n<ul class=\"wp-block-list\">\n<li>Prof. Dean Crnkovi\u0107<\/li>\n\n\n\n<li>Prof. Sanja Rukavina<\/li>\n\n\n\n<li>Assoc. Prof. Doris Dumi\u010di\u0107 Danilovi\u0107<\/li>\n\n\n\n<li>Assoc. Prof. Marija Maksimovi\u0107<\/li>\n\n\n\n<li>Assoc. Prof. Vedrana Mikuli\u0107 Crnkovi\u0107<\/li>\n\n\n\n<li>Assoc. Prof. Andrea \u0160vob<\/li>\n\n\n\n<li>Assist. Prof.\u00a0 Sara Ban Martinovi\u0107<\/li>\n\n\n\n<li>Assist. Prof.\u00a0 Ana Grbac<\/li>\n\n\n\n<li>Assist. Prof.\u00a0 Daniel Hawtin<\/li>\n\n\n\n<li>Assist. Prof.\u00a0Nina Mostarac<\/li>\n\n\n\n<li>Assist. Prof.\u00a0 Marina \u0160imac<\/li>\n\n\n\n<li>Dr. Nour Alnajjarine<\/li>\n\n\n\n<li>Dr. Matteo Mravi\u0107<\/li>\n\n\n\n<li>Dr. Ivona Traunkar<\/li>\n\n\n\n<li>Dr. Tin Zrinski<\/li>\n\n\n\n<li>Dr. Matea Zubovi\u0107 \u017dutolija<\/li>\n\n\n\n<li>Daniel \u0160anko<\/li>\n\n\n\n<li>Ana \u0160umberac<\/li>\n<\/ul>\n\n\n\n<h2 class=\"wp-block-heading\">Research<\/h2>\n\n\n\n<p>Division of Discrete Mathematics was established in early 2011. The research activity of the Division&#8217;s members is in the area of combinatorial and discrete mathematics, in particular design theory, graph theory, and coding theory.<\/p>\n\n\n<div class=\"wp-block-ub-content-toggle wp-block-ub-content-toggle-block\" id=\"ub-content-toggle-block-8e61d41c-6d47-424b-9c4b-6f4fcdc37482\" data-mobilecollapse=\"false\" data-desktopcollapse=\"false\" data-preventcollapse=\"false\" data-showonlyone=\"false\">\n<div class=\"wp-block-ub-content-toggle-accordion\" style=\"border-color: #f1f1f1;\" id=\"ub-content-toggle-panel-block-600087f7-6a3f-4b94-8f1c-8b49b2414fe7\">\n\t\t\t<div class=\"wp-block-ub-content-toggle-accordion-title-wrap\" style=\"background-color: #f1f1f1;\" aria-controls=\"ub-content-toggle-panel-0-8e61d41c-6d47-424b-9c4b-6f4fcdc37482\" tabindex=\"0\">\n\t\t\t<p class=\"wp-block-ub-content-toggle-accordion-title ub-content-toggle-title-8e61d41c-6d47-424b-9c4b-6f4fcdc37482\" style=\"color: #000000; \">Active Research Projects<\/p>\n\t\t\t<div class=\"wp-block-ub-content-toggle-accordion-toggle-wrap right\" style=\"color: #000000;\"><span class=\"wp-block-ub-content-toggle-accordion-state-indicator wp-block-ub-chevron-down\"><\/span><\/div>\n\t\t<\/div>\n\t\t\t<div role=\"region\" aria-expanded=\"false\" class=\"wp-block-ub-content-toggle-accordion-content-wrap ub-hide\" id=\"ub-content-toggle-panel-0-8e61d41c-6d47-424b-9c4b-6f4fcdc37482\">\n\n<ul class=\"wp-block-list\">\n<li><a href=\"https:\/\/www.math.uniri.hr\/~asvob\/DC-hrzz-outcomes.html\">Designs,<\/a> graphs and codes (project leader: Dean Crnkovi\u0107) IP-HRZZ project, Croatian Science Foundation (2023-2027)<\/li>\n\n\n\n<li>Codes, group actions, representations and geometry (project leader: Daniel Hawtin), Institutional project of University of Rijeka, (2025-2029)<\/li>\n\n\n\n<li>Interdisciplinary approach to teaching and promotiong mathematics (project leader: Vedrana Mikuli\u0107 Crnkovi\u0107), Institutional project of University of Rijeka, (2025-2029)<\/li>\n\n\n\n<li>Finite geometries, graphs and groups (project leader: Andrea \u0160vob), Institutional project of University of Rijeka, (2025-2029)<\/li>\n\n\n\n<li>Distance-regularized graphs, Terwiliger algebras, codes and combinatorial structures, project leaders: Marija Maksimovi\u0107 (University of Rijeka, Faculty of Mathematics), Blas Fernandez (University of Primorska, Faculty of Mathematics, Natural Sciences and Information Technologies), Bilateral project with Slovenia, (2025-2026)<\/li>\n\n\n\n<li>Directed graphs in commutative association schemes and associated codes (project leaders: Vedrana Mikuli\u0107 Crnkovi\u0107 (University of Rijeka, Faculty of Mathematics), Safet Penji\u0107 (University of Primorska, Faculty of Mathematics, Natural Sciences and Information Technologies), Bilateral project with Slovenia, (2025-2026)<\/li>\n<\/ul>\n\n<\/div>\n\t\t<\/div>\n\n<div class=\"wp-block-ub-content-toggle-accordion\" style=\"border-color: #f1f1f1;\" id=\"ub-content-toggle-panel-block-7a6391a7-0c32-455a-840c-e9b05f044974\">\n\t\t\t<div class=\"wp-block-ub-content-toggle-accordion-title-wrap\" style=\"background-color: #f1f1f1;\" aria-controls=\"ub-content-toggle-panel-1-8e61d41c-6d47-424b-9c4b-6f4fcdc37482\" tabindex=\"0\">\n\t\t\t<p class=\"wp-block-ub-content-toggle-accordion-title ub-content-toggle-title-8e61d41c-6d47-424b-9c4b-6f4fcdc37482\" style=\"color: #000000; \">Finished Research Projects<\/p>\n\t\t\t<div class=\"wp-block-ub-content-toggle-accordion-toggle-wrap right\" style=\"color: #000000;\"><span class=\"wp-block-ub-content-toggle-accordion-state-indicator wp-block-ub-chevron-down\"><\/span><\/div>\n\t\t<\/div>\n\t\t\t<div role=\"region\" aria-expanded=\"false\" class=\"wp-block-ub-content-toggle-accordion-content-wrap ub-hide\" id=\"ub-content-toggle-panel-1-8e61d41c-6d47-424b-9c4b-6f4fcdc37482\">\n\n<ul class=\"wp-block-list\">\n<li><a href=\"https:\/\/www.math.uniri.hr\/~asvob\/galgeko-hrzz-asvob.html\">Galois geometry and coherent configurations<\/a> (project leader: Andrea \u0160vob) UIP-HRZZ project, Croatian Science Foundation, (2021-2025)<\/li>\n\n\n\n<li><a href=\"https:\/\/math.uniri.hr\/~asvob\/projekt_uniri_dc_2024.html\">\u00a0Combinatorial designs and related structures<\/a> (project leader: Dean Crnkovi\u0107) Uniri project, (2024-2025)<\/li>\n\n\n\n<li><a href=\"https:\/\/math.uniri.hr\/~asvob\/projekt_uniri_as_2024.html\">Finite geometries and groups<\/a> (project leader: Andrea \u0160vob) Uniri project, (2024-2025)<\/li>\n\n\n\n<li><a href=\"https:\/\/math.uniri.hr\/~mmaksimovic\/projekt.html\">Properties and methods of construction of distance-biregular graphs and Z_2k codes<\/a> (project leader: Sanja Rukavina) Uniri project, (2024-2025)<\/li>\n\n\n\n<li>Constructions of digraphs and related linear codes, (project leader: Vedrana Mikuli\u0107 Crnkovi\u0107) Uniri project, (2024-2025)<\/li>\n\n\n\n<li>Algebraic symmetry of q-analogs of graphs (project leader: Daniel Hawtin) Uniri project, (2024-2025)<\/li>\n\n\n\n<li>Certain algebraic aspects of various incidence structures, project leaders: Sanja Rukavina (University of Rijeka, Faculty of Mathematics); \u0160tefko Miklavi\u010d (Univerza na Primorskem, Institut Andrej Maru\u0161i\u010d), Bilateral project with Slovenia, (2023-2024)<\/li>\n\n\n\n<li>Synergistic applications of new methods from design theory, configurations, graph theory, and group theory, project leaders: Andrea \u0160vob (University of Rijeka, Faculty of Mathematics); Toma\u017e Pisanski (University of Primorska, Faculty of Mathematics, Natural Sciences and Information Technologies), Bilateral project with Slovenia, (2023-2024)<\/li>\n\n\n\n<li><a href=\"https:\/\/www.math.uniri.hr\/~asvob\/projekt_uniri_dc_2019.html\">Codes, groups and combinatorial structures<\/a> (project leader: Dean Crnkovi\u0107) Uniri project, (2018-2023)<\/li>\n\n\n\n<li><a href=\"http:\/\/www.math.uniri.hr\/~ddumicic\/projekt.html\" target=\"_blank\" rel=\"noreferrer noopener\">Designs, graphs and linear codes <\/a>\u00a0(project leader: Sanja Rukavina) Uniri project, (2018-2023)<\/li>\n\n\n\n<li>Permutation groups as designs, geometric designs, codes and finite geometries (project leader: Vedrana Mikuli\u0107 Crnkovi\u0107) Uniri project, (2018-2023)<\/li>\n\n\n\n<li><a href=\"http:\/\/www.math.uniri.hr\/~vmikulic\/project_hrzz_COCo.htm\" target=\"_blank\" rel=\"noreferrer noopener\">Combinatorial Objects and Codes<\/a>\u00a0(project leader: Dean Crnkovi\u0107) IP-HRZZ project, Croatian Science Foundation, (2019-2022)<\/li>\n\n\n\n<li>Codes, their preservers, and corresponding incidence structure, project leaders: Vedrana Mikuli\u0107 (University of Rijeka, Faculty of Mathematics), Marko Orel (Univerza na Primorskem, In\u0161titut Andrej Maru\u0161i\u010d), Bilateral project with Slovenia, (2020-2022)<\/li>\n\n\n\n<li>Designs, codes, graphs and cryptography &#8211; an interdisciplinary approach in analysis of certain discrete structures project leaders: Sanja Rukavina (University of Rijeka, Faculty of Mathematics), Enes Pa\u0161ali\u0107 (Univerza na Primorskem, In\u0161titut Andrej Maru\u0161i\u010d), Bilateral project with Slovenia, (2018-2019)<\/li>\n\n\n\n<li><a href=\"http:\/\/www.math.uniri.hr\/~vmikulic\/project_hrzz.htm\" target=\"_blank\" rel=\"noreferrer noopener\">Codes and Related Combinatorial Structures<\/a>\u00a0 (project leader: Dean Crnkovi\u0107) IP-HRZZ project, Croatian Science Foundation, (2014-2018)<\/li>\n\n\n\n<li><a href=\"https:\/\/www.math.uniri.hr\/~vmikulic\/projekt_uniri.htm\">Block designs, strongly regular graphs, and related combinatorial structu<\/a>res (project leader: Dean Crnkovi\u0107) Uniri project, (2013-2018)<\/li>\n\n\n\n<li>Permutation groups as designs, geometric designs, codes and finite geometries (project leader: Vedrana Mikuli\u0107 Crnkovi\u0107), Uniri project for young researchers (2017)<\/li>\n\n\n\n<li>Block designs, strongly regular graphs, and related combinatorial structures (project leader: prof. dr. sc. Dean Crnkovi\u0107) financed by Ministry of Science, Education and Sports of Republic of Croatia, (2007-2013)<\/li>\n<\/ul>\n\n<\/div>\n\t\t<\/div>\n<\/div>\n\n\n<p>It should be noted that in 2010, Division members participated in the organisation of the <a href=\"http:\/\/www.math.uniri.hr\/~vmikulic\/web\/index.htm\">NATO Advanced Study Institute on Information Security and Related Combinatorics<\/a> summer school. Furthermore, in 2021 the conference <a href=\"https:\/\/cdc2020-math.uniri.hr\/\">Combinatorial Designs and Codes<\/a> was organised as a satellite event of the 8th European Congress of Mathematics, and in 2023 the conference <a href=\"https:\/\/riccota2023.math.uniri.hr\/\">Rijeka Conference on Combinatorial Objects and Their Applications<\/a> was organised. Members of the Division are actively involved in the international scientific community, collaborating with mathematicians from different countries and participating at international scientific conferences.<\/p>\n\n\n<div class=\"wp-block-ub-content-toggle wp-block-ub-content-toggle-block\" id=\"ub-content-toggle-block-9424d5c9-004d-4bc1-9fa4-69690babfd31\" data-mobilecollapse=\"false\" data-desktopcollapse=\"true\" data-preventcollapse=\"false\" data-showonlyone=\"false\">\n<div class=\"wp-block-ub-content-toggle-accordion\" style=\"border-color: #f1f1f1;\" id=\"ub-content-toggle-panel-block-5bc97ae6-dc73-4479-a82e-14bccac5a533\">\n\t\t\t<div class=\"wp-block-ub-content-toggle-accordion-title-wrap\" style=\"background-color: #f1f1f1;\" aria-controls=\"ub-content-toggle-panel-0-9424d5c9-004d-4bc1-9fa4-69690babfd31\" tabindex=\"0\">\n\t\t\t<p class=\"wp-block-ub-content-toggle-accordion-title ub-content-toggle-title-9424d5c9-004d-4bc1-9fa4-69690babfd31\" style=\"color: #000000; \">Selected Research Papers<\/p>\n\t\t\t<div class=\"wp-block-ub-content-toggle-accordion-toggle-wrap right\" style=\"color: #000000;\"><span class=\"wp-block-ub-content-toggle-accordion-state-indicator wp-block-ub-chevron-down\"><\/span><\/div>\n\t\t<\/div>\n\t\t\t<div role=\"region\" aria-expanded=\"false\" class=\"wp-block-ub-content-toggle-accordion-content-wrap ub-hide\" id=\"ub-content-toggle-panel-0-9424d5c9-004d-4bc1-9fa4-69690babfd31\">\n\n<ul class=\"wp-block-list\">\n<li>M. Shi, R. Liu, D. Crnkovi\u0107, P. Sol\u00e9, A. \u0160vob, Ternary isodual codes and 3-designs, Des. Codes Cryptogr. 93 (2025), 1671-1685.<\/li>\n\n\n\n<li>D. Crnkovi\u0107, M. De Boeck, F. Pavese, A. \u0160vob, q-Analogs of divisible design graphs and Deza graphs, J. Combin. Theory Ser. A 216 (2025), 106047, 18 pages.<\/li>\n\n\n\n<li>M. Braun, D. Crnkovi\u0107, M. De Boeck, V. Mikuli\u0107 Crnkovi\u0107, A. \u0160vob, q-Analogs of strongly regular graphs, Linear Algebra Appl. 693 (2024), 362-373.<\/li>\n\n\n\n<li>D. Crnkovi\u0107, A. \u0160vob, LCD subspace codes, Des. Codes Cryptogr. 91 (2023), 3215-3226.<\/li>\n\n\n\n<li>D. Crnkovi\u0107, A. \u0160vob, Tolerance fuzzy graphs, J. Intell. Fuzzy Systems 45 (2023), 4023\u20134029.<\/li>\n\n\n\n<li>M. Shi, Y. Li, W. Cheng, D. Crnkovi\u0107, D. Krotov, P. Sol\u00e9, Self-dual bent sequences for complex Hadamard matrices, Des. Codes Cryptogr. 91 (2023), 1453-1474.<\/li>\n\n\n\n<li>V. Mikuli\u0107 Crnkovi\u0107, I. Traunkar, Self-orthogonal codes constructed from weakly self-orthogonal designs invariant under an action of M11, Appl. Algebra Eng. Commun. Comput. 34 (2023), 139-156.<\/li>\n\n\n\n<li>R. F. Bailey, D. R. Hawtin, On the classification of binary completely transitive codes with almost-simple top-group, European J. Combin. 107 (2023), 103604, 28 pp.<\/li>\n\n\n\n<li>D. R. Hawtin, J. Lansdown, The non-existence of block-transitive subspace designs, Combinatorial Theory 2, No. 1 (2022), Paper No. 11, 13 pp.<\/li>\n\n\n\n<li>D. Crnkovi\u0107, A. \u0160vob, Switching for 2-designs, Des. Codes Cryptogr. 90 (2022), 1585-1593.<\/li>\n\n\n\n<li>D. Crnkovi\u0107, D. R. Hawtin, A. \u0160vob, Neighbour-transitive codes and partial spreads in generalised quadrangles, Des. Codes Cryptogr. 90 (2022), 1521-1533.<\/li>\n\n\n\n<li>D. Crnkovi\u0107, T. Zrinski, Constructing block designs with a prescribed automorphism group using genetic algorithm, J. Combin. Des. 30 (2022), 515-526.<\/li>\n\n\n\n<li>D. Crnkovi\u0107, S. Rukavina, M. \u0160imac, LDPC codes from cubic semisymmetric graphs, Ars Math. Contemp. 22 (2022), #P2.03, 13 pages.<\/li>\n\n\n\n<li>D. Crnkovi\u0107, D. Dumi\u010di\u0107 Danilovi\u0107, R. Egan, A. \u0160vob, Periodic Golay pairs and pairwise balanced designs, J. Algebraic Combin. 55 (2022), 245-257.<\/li>\n\n\n\n<li>D. Crnkovi\u0107, S. Rukavina, A. \u0160vob, Self-orthogonal codes from equitable partitions of association schemes, J. Algebraic Combin. 55 (2022), 157-171.<\/li>\n\n\n\n<li>D. Crnkovi\u0107, A. \u0160vob, New symmetric 2-(176,50,14) designs, Discrete Math. 344 (2021), 112623, 3 pages.<\/li>\n\n\n\n<li>D. R. Hawtin, s-Elusive codes in Hamming graphs, Des. Codes Cryptogr. 89 (2021), 1211\u20131220.<\/li>\n\n\n\n<li>D. Crnkovi\u0107, D. Dumi\u010di\u0107 Danilovi\u0107, S. Rukavina, On automorphism groups of a biplane (121,16,2), Discrete Math. 344 (2021), 112508, 8 pages.<\/li>\n\n\n\n<li>R. F. Bailey, D. R. Hawtin, On the 486-vertex distance-regular graphs of Koolen-Riebeek and Soicher, Electron. J. Combin. 27 (2020), #P3.13, 12 pages.<\/li>\n\n\n\n<li>D. Crnkovi\u0107, N. Mostarac, B. G. Rodrigues, L. Storme, s-PD-sets for codes from projective planes PG(2,2^h), 5 \u2264 h \u2264 9, Adv. Math. Commun. 15 (2021), 423-440.<\/li>\n\n\n\n<li>D. Crnkovi\u0107, A. \u0160vob, V. D. Tonchev, Strongly regular graphs with parameters (81,30,9,12) and a new partial geometry, J. Algebraic Combin. 53 (2021), 253-261.<\/li>\n\n\n\n<li>D. Crnkovi\u0107, R. Egan, A. \u0160vob, Self-orthogonal codes from orbit matrices of Seidel and Laplacian matrices of strongly regular graphs, Adv. Math. Commun. 14 (2020), 591-602.<\/li>\n\n\n\n<li>D. Crnkovi\u0107, H. Kharaghani, A. \u0160vob, Divisible design Cayley digraphs, Discrete Math. 343 (2020), 111784, 8 pages.<\/li>\n\n\n\n<li>D. Crnkovi\u0107, R. Egan, A. \u0160vob, Constructing self-orthogonal and Hermitian self-orthogonal codes via weighing matrices and orbit matrices, Finite Fields Appl. 55 (2019), 64-77.<\/li>\n\n\n\n<li>M. De Boeck, M. Rodgers, L. Storme, A. \u0160vob, Cameron-Liebler sets of generators in finite classical polar spaces, J. Combin. Theory Ser. A 167 (2019), 340-388.<\/li>\n\n\n\n<li>D. Crnkovi\u0107, N. Mostarac, Self-dual codes from orbit matrices and quotient matrices of combinatorial designs, Discrete Math. 341 (2018), 3331\u20133343.<\/li>\n\n\n\n<li>D. Crnkovi\u0107, S. Rukavina, A. \u0160vob, New strongly regular graphs from orthogonal groups O+(6,2) and O-(6,2), Discrete Math. 341 (2018), 2723-2728.<\/li>\n\n\n\n<li>D. Crnkovi\u0107, V. Mikuli\u0107 Crnkovi\u0107, B. G. Rodrigues, On self-orthogonal designs and codes related to Held\u2019s simple group, Adv. Math. Commun. 12 (2018), 607-628.<\/li>\n\n\n\n<li>D. Crnkovi\u0107, R. Egan, A. \u0160vob, Orbit matrices of Hadamard matrices and related codes, Discrete Math. 341 (2018), 1199-1209.<\/li>\n<\/ul>\n\n<\/div>\n\t\t<\/div>\n<\/div>\n\n\n<p>Members of the Division participate in the implementation of the Doctoral Program in Mathematics (joint program of J. J. Strossmayer University of Osijek, University of Rijeka, University of Split, University of Zagreb) organizing Finite Mathematics Seminar. As a part of the Seminar, members of the Division present their own research work as well as other relevant articles in the area of research.<\/p>\n\n\n\n<p>We point out that Andrea \u0160vob received the University of Rijeka Foundation Award for the calendar year 2024, in the category of scientists &#8211; biomedical and natural sciences, and the University of Rijeka Foundation Award for the calendar year 2015, in the category of young scientists &#8211; natural and technical sciences. The University of Rijeka Foundation Award for the academic year 2008\/2009, in the category of young scientists &#8211; natural and technical sciences, was also received by Vedrana Mikuli\u0107 Crnkovi\u0107, who is also a recipient of the State Award for Science for 2020 in the category of promotion of science.<\/p>\n\n\n\n<h2 class=\"wp-block-heading\">Teaching<\/h2>\n\n\n\n<p>Members of the Division of Discrete Mathematics participate in the delivery of courses within the study programmes of the Faculty of Mathematics, as well as teaching mathematics courses in study programmes led by other faculties at University of Rijeka. Together and in collaboration with other faculty staff, they work on designing and delivering each individual course with the aim of improving the quality of study programmes and strengthening the connections between courses.<\/p>\n\n\n\n<p>Division members use the Laboratory for Discrete Mathematics for their scientific work. The laboratory is also used for teaching in the graduate study programme Discrete Mathematics and Applications.<\/p>\n\n\n\n<p>Two Division members received an award for special contribution to the development of e-learning at the University of Rijeka. One for the course Applications of Computers in Mathematics (academic year 2009\/2010) and another for the course Models of Geometry (academic year 2010\/2011). Furthermore, Division staff have received the University of Rijeka Teaching Excellence Award: Ivona Novak and Andrea \u0160vob for the academic year 2015\/2016, Sanja Rukavina and Marina \u0160imac for the academic year 2017\/2018, Nina Mostarac and Andrea \u0160vob for the academic year 2019\/2020, Tin Zrinski for the academic year 2022\/2023, Matea Zubovi\u0107 \u017dutolija for the academic year 2023\/2024, Daniel \u0160anko for the academic year 2024\/2025, and Ana \u0160umberac for the academic year 2025\/2026.<\/p>\n\n\n\n<p>Division members are authors and presenters of numerous popular lectures and workshops delivered to primary and secondary school students with the aim of promoting mathematics and mathematics studies, and actively participate in many professional projects and in the work of numerous associations such as the Society of Mathematicians and Physicists, the MatRi Alumni Club, Zlatni rez, Universitas, and the Centre for Technical Culture Rijeka.<\/p>\n\n\n\n<p>Vedrana Mikuli\u0107 Crnkovi\u0107 leads two professional projects: <a href=\"https:\/\/inamath.uniri.hr\/scimag\/\">Erasmus+ projekt SciMaG<\/a> (1 September 2023 \u2013 31 August 2026) i <a href=\"https:\/\/inamath.uniri.hr\/inamath\/\">Erasmus+ projekt InAMath<\/a> (1 September 2020 \u2013 28 February 2023).<\/p>\n","protected":false},"excerpt":{"rendered":"<p>Chair: Assoc. Prof. Vedrana Mikuli\u0107 Crnkovi\u0107 Members: Research Division of Discrete Mathematics was established in early 2011. The research activity of the Division&#8217;s members is in the area of combinatorial and discrete mathematics, in particular design theory, graph theory, and coding theory. It should be noted that in 2010, Division members participated in the organisation [&hellip;]<\/p>\n","protected":false},"author":4,"featured_media":0,"parent":7172,"menu_order":2,"comment_status":"closed","ping_status":"closed","template":"","meta":{"_acf_changed":false,"ub_ctt_via":"","footnotes":""},"class_list":["post-7176","page","type-page","status-publish","hentry"],"acf":[],"featured_image_src":null,"_links":{"self":[{"href":"https:\/\/math.uniri.hr\/en\/wp-json\/wp\/v2\/pages\/7176","targetHints":{"allow":["GET"]}}],"collection":[{"href":"https:\/\/math.uniri.hr\/en\/wp-json\/wp\/v2\/pages"}],"about":[{"href":"https:\/\/math.uniri.hr\/en\/wp-json\/wp\/v2\/types\/page"}],"author":[{"embeddable":true,"href":"https:\/\/math.uniri.hr\/en\/wp-json\/wp\/v2\/users\/4"}],"replies":[{"embeddable":true,"href":"https:\/\/math.uniri.hr\/en\/wp-json\/wp\/v2\/comments?post=7176"}],"version-history":[{"count":7,"href":"https:\/\/math.uniri.hr\/en\/wp-json\/wp\/v2\/pages\/7176\/revisions"}],"predecessor-version":[{"id":7941,"href":"https:\/\/math.uniri.hr\/en\/wp-json\/wp\/v2\/pages\/7176\/revisions\/7941"}],"up":[{"embeddable":true,"href":"https:\/\/math.uniri.hr\/en\/wp-json\/wp\/v2\/pages\/7172"}],"wp:attachment":[{"href":"https:\/\/math.uniri.hr\/en\/wp-json\/wp\/v2\/media?parent=7176"}],"curies":[{"name":"wp","href":"https:\/\/api.w.org\/{rel}","templated":true}]}}