{"id":7184,"date":"2020-05-14T14:11:09","date_gmt":"2020-05-14T14:11:09","guid":{"rendered":"https:\/\/math.uniri.hr\/?page_id=7184"},"modified":"2026-03-03T10:45:52","modified_gmt":"2026-03-03T10:45:52","slug":"projects","status":"publish","type":"page","link":"https:\/\/math.uniri.hr\/en\/research\/projects\/","title":{"rendered":"Projects"},"content":{"rendered":"\n<h3 class=\"wp-block-heading\">Projects Funded by the Croatian Science Foundation<\/h3>\n\n\n\n<ul class=\"wp-block-list\">\n<li><a href=\"https:\/\/www.math.uniri.hr\/~asvob\/DC-hrzz-outcomes.html\">Dizajni, grafovi i kodovi<\/a> (project leader: Dean Crnkovi\u0107)<\/li>\n\n\n\n<li>Afine Liejeve algebre i kvantne grupe (project leader: Marijana Butorac)<\/li>\n<\/ul>\n\n\n\n<h3 class=\"wp-block-heading\">Bilateral Projects&nbsp;<\/h3>\n\n\n\n<ul class=\"wp-block-list\">\n<li>Interdisciplinarni pristup pou\u010davanju matematike (Medpredmetni pristop pou\u010devanja matematike in odnos do matematike), project leaders: Bojan Crnkovi\u0107 (Faculty of Mathematics, University of Rijeka), Marina Volk (Univerza na Primorskem, Pedago\u0161ka fakulteta), (2025.-2026.)<\/li>\n\n\n\n<li>Distancijsko-regularizirani grafovi, Terwilligerove algebre, kodovi i kombinatori\u010dke strukture (Razdaljno-regularizirani grafi, Terwilligerjeve algebre, linearne kode in kombinatori\u010dne strukture), project leaders: Marija Maksimovi\u0107 (Faculty of Mathematics, University of Rijeka), Blas Fernandez (Univerza na Primorskem, Fakulteta za matematiko, naravoslovje in informacijske tehnologije), (2025.-2026.)<\/li>\n\n\n\n<li>Usmjereni grafovi u komutativnim asocijacijskim shemama te s njima povezani kodovi (Usmerjeni grafi v komutativnih asociacijskih shemah in pripadajo\u010di kodi), project leaders: Vedrana Mikuli\u0107 Crnkovi\u0107 (Faculty of Mathematics, University of Rijeka), Safet Penji\u0107 (Univerza na Primorskem, In\u0161titut Andrej Maru\u0161i\u010d), (2025.-2026.)\u00a0<\/li>\n<\/ul>\n\n\n\n<h3 class=\"wp-block-heading\">Projects of University of Rijeka:<\/h3>\n\n\n\n<ul class=\"wp-block-list\">\n<li>Matemati\u010dko modeliranje u umjetnoj inteligenciji (project leader: Sanda Buja\u010di\u0107 Babi\u0107)<\/li>\n\n\n\n<li>Kvantna teorija polja, gravitacija i ujedinjenje sila (project leader: Predrag Dominis Prester)<\/li>\n\n\n\n<li>Statisti\u010dka svojstva slu\u010dajnih dinami\u010dkih sustava te ostali doprinosi matemati\u010dkoj analizi i teoriji vjerojatnosti (project leader: Davor Dragi\u010devi\u0107)<\/li>\n\n\n\n<li>Kodovi, djelovanja grupa, reprezentacije i geometrija (project leader: Daniel Hawtin)<\/li>\n\n\n\n<li>Posebni problemi u algebarskim strukturama u teoriji brojeva i topologiji &nbsp;(project leader: Ana Jurasi\u0107)<\/li>\n\n\n\n<li>Interdisciplinarni pristup pou\u010davanju i popularizaciji matematike (project leader: Vedrana Mikuli\u0107 Crnkovi\u0107)<\/li>\n\n\n\n<li>Kona\u010dne geometrije, grafovi i grupe (project leader: Andrea \u0160vob)<\/li>\n<\/ul>\n\n\n\n<h3 class=\"wp-block-heading\">Finished Scientific Projects:<\/h3>\n\n\n\n<ul class=\"wp-block-list\">\n<li><a href=\"http:\/\/www.math.uniri.hr\/~asvob\/galgeko-hrzz-asvob.html\" target=\"_blank\" rel=\"noreferrer noopener\">Galois geometry and coherent configurations<\/a>&nbsp;(project leader: Andrea \u0160vob)<\/li>\n\n\n\n<li><a href=\"https:\/\/math.uniri.hr\/~asvob\/projekt_uniri_dc_2024.html\">Kombinatori\u010dki dizajni i s njima povezane strukture<\/a> (project leader: Dean Crnkovi\u0107)<\/li>\n\n\n\n<li>Teorija vjerojatnosti i njene primjene u dinami\u010dkim sustavima (project leader: Davor Dragi\u010devi\u0107)<\/li>\n\n\n\n<li>Kvantna teorija polja, gravitacija i teorije vi\u0161ih spinova (project leader: Predrag Dominis Prester)<\/li>\n\n\n\n<li><a href=\"https:\/\/math.uniri.hr\/~asvob\/projekt_uniri_as_2024.html\">Kona\u010dne geometrije i grupe<\/a> (project leader: Andrea \u0160vob)<\/li>\n\n\n\n<li><a href=\"https:\/\/sanda.bujacic-babic.com\/index.php\/uniri-projekti-iskusnih-znanstvenika-2023-matematicko-modeliranje-u-obradi-prirodnog-jezika\/\">Matemati\u010dko modeliranje u obradi prirodnog jezika<\/a> (project leader: Sanda Buja\u010di\u0107 Babi\u0107)<\/li>\n\n\n\n<li><a href=\"https:\/\/math.uniri.hr\/~mmaksimovic\/projekt.html\">Istra\u017eivanje svojstava i metoda konstrukcije distancijsko biregularnih grafova i Z_2k kodova<\/a> (project leader: Sanja Rukavina)<\/li>\n\n\n\n<li><a href=\"https:\/\/www.math.uniri.hr\/~tin.zrinski\/alg_strukture.html\">Algebarske strukture i njihove primjene u teoriji brojeva i topologiji<\/a> (project leader: Ana Jurasi\u0107)<\/li>\n\n\n\n<li>Konstrukcije usmjerenih grafova i s njima povezanih linearnih kodova (project leader: Vedrana Mikuli\u0107 Crnkovi\u0107)<\/li>\n\n\n\n<li>Interdisciplinarni pristup pou\u010davanju i popularizaciji matematike (project leader: Bojan Crnkovi\u0107)<\/li>\n\n\n\n<li>Neki algebarski aspekti razli\u010ditih incidencijskih struktura (Nekateri algebrai\u010dni vidiki raznih inciden\u010dnih struktur), project leaders: Sanja Rukavina (Faculty of Mathematics, University of Rijeka); \u0160tefko Miklavi\u010d (Univerza na Primorskem, Institut Andrej Maru\u0161i\u010d) (2023-2024)<\/li>\n\n\n\n<li>Sinergijske primjene novih metoda iz teorije dizajna, konfiguracija, grafova i grupa (Sinergetske aplikacije novej\u0161ih metod iz teorije na\u010drtov, konfiguracij, grafov in grup), project leaders: Andrea \u0160vob (Faculty of Mathematics, University of Rijeka); Toma\u017e Pisanski (Univerza na Primorskem, Fakulteta za matematiko, naravoslovje in informacijske tehnologije) (2023-2024)<\/li>\n\n\n\n<li><a href=\"http:\/\/www.math.uniri.hr\/~asvob\/projekt_uniri_dc_2019.html\" target=\"_blank\" rel=\"noreferrer noopener\">Kodovi, grupe i kombinatori\u010dke strukture<\/a>&nbsp;(project leader: Dean Crnkovi\u0107)<\/li>\n\n\n\n<li><a href=\"http:\/\/www.math.uniri.hr\/~dkrizmanic\/projekt.html\" target=\"_blank\" rel=\"noreferrer noopener\">Metode matemati\u010dke analize u teorijskoj i primjenjenoj matematici<\/a>&nbsp;(project leader: Davor Dragi\u010devi\u0107)<\/li>\n\n\n\n<li><a href=\"http:\/\/www.math.uniri.hr\/~ddumicic\/projekt.html\" target=\"_blank\" rel=\"noreferrer noopener\">Dizajni, grafovi i linearni kodovi<\/a>&nbsp;(project leader: Sanja Rukavina)<\/li>\n\n\n\n<li><a href=\"http:\/\/www.math.uniri.hr\/~dkrizmanic\/projekt-UNIRIplus.html\" target=\"_blank\" rel=\"noreferrer noopener\">Stohasti\u010dke metode u matemati\u010dkoj analizi&nbsp;<\/a>(project leader: Danijel Krizmani\u0107)<\/li>\n\n\n\n<li>Permutacijske grupe kao dizajni, geometrijski dizajni i kona\u010dne geometrije (project leader: Vedrana Mikuli\u0107 Crnkovi\u0107)<\/li>\n\n\n\n<li><a href=\"http:\/\/www.math.uniri.hr\/~dkrizmanic\/projekt-HRZZ.html\" target=\"_blank\" rel=\"noreferrer noopener\">Operatori pomaka, statisti\u010dki zakoni i beskona\u010dno-dimenzionalni dinami\u010dki sustavi<\/a>&nbsp;(project leader: Davor Dragi\u010devi\u0107)<\/li>\n\n\n\n<li><a href=\"http:\/\/www.math.uniri.hr\/~vmikulic\/project_hrzz_COCo.htm\" target=\"_blank\" rel=\"noreferrer noopener\">Combinatorial Objects and Codes<\/a>&nbsp;(project leader: Dean Crnkovi\u0107), project funded by the Croatian Science Foundation (2019\u20132022)<\/li>\n\n\n\n<li>Kodovi, njihovi konzervatori i pripadne incidencijske strukture (Kode, njihovi ohranjevalci in pripadajo\u010de inciden\u010dne strukture), project leaders: Vedrana Mikuli\u0107 Crnkovi\u0107, Department of Mathematics, University of Rijeka; Marko Orel Univerza na Primorskem, Institut Andrej Maru\u0161i\u010d (2020-2022)<\/li>\n\n\n\n<li>Dizajni, kodovi, grafovi i kriptografija &#8211; interdisciplinarni pristup analizi diskretnih struktura (project leader: Sanja Rukavina), bilateral project\u00a0Na\u010drti, kode, grafi in kriptografija interdisciplinarni pristop v analizi dolo\u010denih diskretnih struktur (Univerza na Primorskem, In\u0161titut Andrej Maru\u0161i\u010d &#8211; project leader Enes Pasalic) (2018-2019)<\/li>\n\n\n\n<li><a href=\"http:\/\/www.math.uniri.hr\/~vmikulic\/project_hrzz.htm\" target=\"_blank\" rel=\"noreferrer noopener\">Codes and Related Combinatorial Structures<\/a>&nbsp;(project leader: Dean Crnkovi\u0107), project funded by the Croatian Science Foundation (2014-2018)<\/li>\n\n\n\n<li><a href=\"http:\/\/www.math.uniri.hr\/~vmikulic\/projekt_uniri.htm\" target=\"_blank\" rel=\"noreferrer noopener\">Blok dizajni, jako regularni grafovi i srodne kombinatori\u010dke strukture&nbsp;<\/a>(project leader: Dean Crnkovi\u0107), University of Rijeka Research Support (2013-2018)<\/li>\n\n\n\n<li><a href=\"http:\/\/www.math.uniri.hr\/~ngrbac\/aamtb\/Naslovnica.html\" target=\"_blank\" rel=\"noreferrer noopener\">Algebarske i analiti\u010dke metode u teoriji brojeva<\/a>&nbsp;(project leader: Neven Grbac), University of Rijeka Research Support (2013-2018)<\/li>\n\n\n\n<li><a href=\"http:\/\/projekt.id-consulting.hr\/wp\/\" target=\"_blank\" rel=\"noreferrer noopener\">Matemati\u010dko i numeri\u010dko modeliranje kompresibilnog mikropolarnog fluida<\/a>&nbsp;(project leader: Nermina Mujakovi\u0107), University of Rijeka Research Support (2013-2018)<\/li>\n\n\n\n<li>Neautonomni dinami\u010dki sustavi: hiperboli\u010dnost i statisti\u010dka svojstva (project leader: Davor Dragi\u010devi\u0107), University of Rijeka Research Support for Early-Career Researchers (2018)<\/li>\n\n\n\n<li>Permutacijske grupe kao dizajni, geometrijski dizajni, kodovi i kona\u010dne geometrije (project leader: Vedrana Mikuli\u0107 Crnkovi\u0107), University of Rijeka Research Support for Early-Career Researchers (2018)<\/li>\n\n\n\n<li>Modeliranje i kontrola dinami\u010dkih sustava s primjenama (project leader: Bojan Crnkovi\u0107), University of Rijeka Research Support for Early-Career Researchers (2017)<\/li>\n\n\n\n<li>Permutacijske grupe kao dizajni, geometrijski dizajni, kodovi i kona\u010dne geometrije (project leader: Vedrana Mikuli\u0107 Crnkovi\u0107), University of Rijeka Research Support for Early-Career Researchers (2017)<\/li>\n\n\n\n<li>Kohomologija aritmeti\u010dkih grupa i automorfne forme (project leader: Neven Grbac, funded by the Ministry of Science, Education and Sports of the Republic of Croatia and Bundesministerium fur Wissenschaft, Forschung und Wirtschaft Republike Austrije).<\/li>\n\n\n\n<li>Modeling anomalous diffusion by generalized Langeven, Fokker-Planck equations and fractional diffusion-wave equations (Anomalous diffusion) (project leader: \u017divorad Tomovski; NEWFELPRO projekt)<\/li>\n<\/ul>\n","protected":false},"excerpt":{"rendered":"<p>Projects Funded by the Croatian Science Foundation Bilateral Projects&nbsp; Projects of University of Rijeka: Finished Scientific Projects:<\/p>\n","protected":false},"author":4,"featured_media":0,"parent":7180,"menu_order":2,"comment_status":"closed","ping_status":"closed","template":"","meta":{"_acf_changed":false,"ub_ctt_via":"","footnotes":""},"class_list":["post-7184","page","type-page","status-publish","hentry"],"acf":[],"featured_image_src":null,"_links":{"self":[{"href":"https:\/\/math.uniri.hr\/en\/wp-json\/wp\/v2\/pages\/7184","targetHints":{"allow":["GET"]}}],"collection":[{"href":"https:\/\/math.uniri.hr\/en\/wp-json\/wp\/v2\/pages"}],"about":[{"href":"https:\/\/math.uniri.hr\/en\/wp-json\/wp\/v2\/types\/page"}],"author":[{"embeddable":true,"href":"https:\/\/math.uniri.hr\/en\/wp-json\/wp\/v2\/users\/4"}],"replies":[{"embeddable":true,"href":"https:\/\/math.uniri.hr\/en\/wp-json\/wp\/v2\/comments?post=7184"}],"version-history":[{"count":5,"href":"https:\/\/math.uniri.hr\/en\/wp-json\/wp\/v2\/pages\/7184\/revisions"}],"predecessor-version":[{"id":7516,"href":"https:\/\/math.uniri.hr\/en\/wp-json\/wp\/v2\/pages\/7184\/revisions\/7516"}],"up":[{"embeddable":true,"href":"https:\/\/math.uniri.hr\/en\/wp-json\/wp\/v2\/pages\/7180"}],"wp:attachment":[{"href":"https:\/\/math.uniri.hr\/en\/wp-json\/wp\/v2\/media?parent=7184"}],"curies":[{"name":"wp","href":"https:\/\/api.w.org\/{rel}","templated":true}]}}