{"id":7194,"date":"2023-06-29T07:56:09","date_gmt":"2023-06-29T07:56:09","guid":{"rendered":"https:\/\/math.uniri.hr\/?page_id=7194"},"modified":"2026-02-19T10:29:04","modified_gmt":"2026-02-19T10:29:04","slug":"division-of-algebra-and-number-theory-research-class","status":"publish","type":"page","link":"https:\/\/math.uniri.hr\/en\/research\/seminars\/division-of-algebra-and-number-theory-research-class\/","title":{"rendered":"Research Class of the Division of Algebra and Number Theory"},"content":{"rendered":"\n<p>Members of the Division of Algebra and Number Theory participate in the organisation and delivery of research seminars within the Research Class of the Division of Algebra and Number Theory at the Faculty of Mathematics. Within these Research Class seminars, invited speakers and Division members present their current research as well as other relevant topics.<\/p>\n\n\n\n<p>Given the wide range of research interests and activities among Division members, these lectures and discussions promote the exchange of ideas and foster potential scientific collaboration both within the Division and beyond.<\/p>\n\n\n\n<p>The initiative to launch this research activity was proposed at a Division meeting on 17 February 2020. Due to circumstances related to the pandemic, the first Research Class seminar was held on 16 March 2022.<\/p>\n\n\n\n<h3 class=\"wp-block-heading\">Reasearch Classa Chair<\/h3>\n\n\n\n<p>Assist. Prof. Sanda Buja\u010di\u0107 Babi\u0107<\/p>\n\n\n\n<h3 class=\"wp-block-heading\">Seminars<\/h3>\n\n\n\n<figure class=\"wp-block-table\"><table><tbody><tr><td>25.03.2022.<\/td><td>Tajana Ban Kirigin, Sanda Buja\u010di\u0107 Babi\u0107, Benedikt Perak:&nbsp;<em>Multidisciplinarni pristup u digitalnoj lingvistici<\/em><\/td><\/tr><tr><td>29.04.2022.<\/td><td>Marijana Butorac, Slaven Ko\u017ei\u0107:&nbsp;<em>Glavni potprostori kvantne afine verteks-algebre tipa A<sub>1<\/sub><sup>(1<\/sup><\/em><em><sup>)<\/sup><\/em><\/td><\/tr><tr><td>27.05.2022.<\/td><td>Zvonimir \u0160iki\u0107:&nbsp;<em>Matematika i slikarstvo<\/em><\/td><\/tr><tr><td>28.10.2022.<\/td><td>Sanda Buja\u010di\u0107 Babi\u0107:&nbsp;<em>O regularnosti D(4)-\u010detvorki iz Z[i][X]<\/em><\/td><\/tr><tr><td>09.12.2022.<\/td><td>Vera Toni\u0107:&nbsp;<em>Asimptoti\u010dka dimenzija i primjena na geometrijsku teoriju aproksimativnih grupa, 1. dio<\/em><\/td><\/tr><tr><td>20.01.2023.<\/td><td>Vera Toni\u0107:&nbsp;<em>Asimptoti\u010dka dimenzija i primjena na geometrijsku teoriju aproksimativnih grupa, 2. dio<\/em><\/td><\/tr><tr><td>10.03.2023.<\/td><td>Ana Jurasi\u0107: Polinomne varijante Diofantova problema<\/td><\/tr><tr><td>01.12.2023.<\/td><td>Predrag Dominis Prester: Matematika&nbsp;Standardnog modela&nbsp;i&nbsp;izvan njega<\/td><\/tr><tr><td>09.02.2024.<\/td><td>Daniel Leoni: Skok u ocean podataka (iOlap)<\/td><\/tr><tr><td>08.04.2024.<\/td><td>Leonard R. Rubin: What is the dimension of space?<\/td><\/tr><tr><td>24.05.2024.<\/td><td>Zvonimir \u0160iki\u0107: Wignerov problem i realni brojevi<\/td><\/tr><tr><td>07.06.2024.<\/td><td>Vera Toni\u0107: Teoremi Hurewiczevog tipa &#8211; od op\u0107e topologije do aproksimativnih grupa<\/td><\/tr><tr><td>11.06.2025.<\/td><td>Moshe Cohen: Randomness in Topology<\/td><\/tr><tr><td>12.06.2025.<\/td><td><span style=\"font-family: -webkit-standard; white-space: normal;\">Tin Adle\u0161i\u0107: Zermelova aksiomatizacija teorije skupova<\/span><\/td><\/tr><tr><td>07.11.2025.<\/td><td>Dijana Ili\u0161evi\u0107: Od izometrija do izomorfizama<\/td><\/tr><tr><td>10.11.2025.,<br>11.11.2025.<\/td><td>Zvonimir \u0160iki\u0107: O brojevima \u2013 kona\u010dnim i beskona\u010dnim (series of lectures)<\/td><\/tr><\/tbody><\/table><\/figure>\n","protected":false},"excerpt":{"rendered":"<p>Members of the Division of Algebra and Number Theory participate in the organisation and delivery of research seminars within the Research Class of the Division of Algebra and Number Theory at the Faculty of Mathematics. Within these Research Class seminars, invited speakers and Division members present their current research as well as other relevant topics. [&hellip;]<\/p>\n","protected":false},"author":4,"featured_media":0,"parent":7190,"menu_order":2,"comment_status":"closed","ping_status":"closed","template":"","meta":{"_acf_changed":false,"ub_ctt_via":"","footnotes":""},"class_list":["post-7194","page","type-page","status-publish","hentry"],"acf":[],"featured_image_src":null,"_links":{"self":[{"href":"https:\/\/math.uniri.hr\/en\/wp-json\/wp\/v2\/pages\/7194","targetHints":{"allow":["GET"]}}],"collection":[{"href":"https:\/\/math.uniri.hr\/en\/wp-json\/wp\/v2\/pages"}],"about":[{"href":"https:\/\/math.uniri.hr\/en\/wp-json\/wp\/v2\/types\/page"}],"author":[{"embeddable":true,"href":"https:\/\/math.uniri.hr\/en\/wp-json\/wp\/v2\/users\/4"}],"replies":[{"embeddable":true,"href":"https:\/\/math.uniri.hr\/en\/wp-json\/wp\/v2\/comments?post=7194"}],"version-history":[{"count":3,"href":"https:\/\/math.uniri.hr\/en\/wp-json\/wp\/v2\/pages\/7194\/revisions"}],"predecessor-version":[{"id":7387,"href":"https:\/\/math.uniri.hr\/en\/wp-json\/wp\/v2\/pages\/7194\/revisions\/7387"}],"up":[{"embeddable":true,"href":"https:\/\/math.uniri.hr\/en\/wp-json\/wp\/v2\/pages\/7190"}],"wp:attachment":[{"href":"https:\/\/math.uniri.hr\/en\/wp-json\/wp\/v2\/media?parent=7194"}],"curies":[{"name":"wp","href":"https:\/\/api.w.org\/{rel}","templated":true}]}}