{"id":7227,"date":"2021-02-25T11:31:50","date_gmt":"2021-02-25T11:31:50","guid":{"rendered":"https:\/\/math.uniri.hr\/?page_id=7227"},"modified":"2026-02-19T11:22:18","modified_gmt":"2026-02-19T11:22:18","slug":"student-services","status":"publish","type":"page","link":"https:\/\/math.uniri.hr\/en\/study-at-faculty-of-mathematics\/student-services\/","title":{"rendered":"Information for Students*"},"content":{"rendered":"\n<ul class=\"wp-block-list\">\n<li><a href=\"https:\/\/www.math.uniri.hr\/files\/Priopcenje_Kampus.pdf\" target=\"_blank\" rel=\"noreferrer noopener\">Nadle\u017eni lije\u010dnik za studente Fakulteta za matematiku<\/a><\/li>\n\n\n\n<li><a href=\"https:\/\/www.math.uniri.hr\/files\/novosti\/2016\/InformativniLetak_ZdravstvenaZastita.pdf\" target=\"_blank\" rel=\"noreferrer noopener\">Zdravstvena za\u0161tita studenata Sveu\u010dili\u0161ta u Rijeci<\/a><\/li>\n\n\n\n<li><a href=\"https:\/\/www.math.uniri.hr\/files\/Popis_nadlenih_lijecnika_za_studente_2021_2022.pdf\" target=\"_blank\" rel=\"noreferrer noopener\">Popis nadle\u017enih lije\u010dnika za studente<\/a><\/li>\n\n\n\n<li><a href=\"https:\/\/www.math.uniri.hr\/files\/Oglasna_ploca\/Kucni_red_zgrade_Sveucilisnih_odjela.pdf\" target=\"_blank\" rel=\"noreferrer noopener\">Ku\u0107ni red zgrade Sveu\u010dili\u0161nih Odjela<\/a><\/li>\n\n\n\n<li><a href=\"https:\/\/www.math.uniri.hr\/files\/propisi_dokumenti\/Postupnik_za_olujni_vjetar_ili_snijeg_na_Kampusu.pdf\" target=\"_blank\" rel=\"noreferrer noopener\">Postupnik za olujni vjetar ili snijeg na Kampusu<\/a><\/li>\n\n\n\n<li><a href=\"http:\/\/www.math.uniri.hr\/files\/propisi_dokumenti\/Senat_71_Pravilnik_o_stegovnoj_odgovornosti_studenata_Sveuilita_u_Rijeci.pdf\" target=\"_blank\" rel=\"noreferrer noopener\">Pravilnik o stegovnoj odgovornosti studenata Sveu\u010dili\u0161ta u Rijeci<\/a><\/li>\n<\/ul>\n\n\n\n<p class=\"has-text-align-center\"><a href=\"https:\/\/studentska.uniri.hr\/\">Studentska slu\u017eba<\/a><\/p>\n\n\n<div class=\"wp-block-ub-content-toggle wp-block-ub-content-toggle-block\" id=\"ub-content-toggle-block-eb6a3d28-5810-4ed7-b187-fcb48556981f\" data-mobilecollapse=\"false\" data-desktopcollapse=\"true\" data-preventcollapse=\"false\" data-showonlyone=\"false\">\n<div class=\"wp-block-ub-content-toggle-accordion\" style=\"border-color: #f1f1f1;\" id=\"ub-content-toggle-panel-block-96322794-1b18-488d-862c-56c27bc269a8\">\n\t\t\t<div class=\"wp-block-ub-content-toggle-accordion-title-wrap\" style=\"background-color: #f1f1f1;\" aria-controls=\"ub-content-toggle-panel-0-eb6a3d28-5810-4ed7-b187-fcb48556981f\" tabindex=\"0\">\n\t\t\t<p class=\"wp-block-ub-content-toggle-accordion-title ub-content-toggle-title-eb6a3d28-5810-4ed7-b187-fcb48556981f\" style=\"color: #000000; \">Nastavnici mentori<\/p>\n\t\t\t<div class=\"wp-block-ub-content-toggle-accordion-toggle-wrap right\" style=\"color: #000000;\"><span class=\"wp-block-ub-content-toggle-accordion-state-indicator wp-block-ub-chevron-down\"><\/span><\/div>\n\t\t<\/div>\n\t\t\t<div role=\"region\" aria-expanded=\"false\" class=\"wp-block-ub-content-toggle-accordion-content-wrap ub-hide\" id=\"ub-content-toggle-panel-0-eb6a3d28-5810-4ed7-b187-fcb48556981f\">\n\n<ul class=\"wp-block-list\">\n<li><a href=\"https:\/\/math.uniri.hr\/wp-content\/uploads\/2025\/09\/Raspored-studenata-prva-godina_2025-2026.pdf\" data-type=\"attachment\" data-id=\"6702\">Nastavnici-mentori za studente upisane na studij 2025.\/2026. godine<\/a><\/li>\n\n\n\n<li><a href=\"https:\/\/math.uniri.hr\/wp-content\/uploads\/2024\/09\/Raspored-studenata-prva-godina_2024-2025-1.pdf\" data-type=\"attachment\" data-id=\"5664\" target=\"_blank\" rel=\"noreferrer noopener\">Nastavnici-mentori za studente upisane na studij 2024.\/2025. godine<\/a><\/li>\n\n\n\n<li><a href=\"https:\/\/math.uniri.hr\/wp-content\/uploads\/2023\/09\/Raspored-studenata-prva-godina_2023-2024.pdf\" data-type=\"attachment\" data-id=\"4505\" target=\"_blank\" rel=\"noreferrer noopener\">Nastavnici-mentori za studente upisane na studij 2023.\/2024. godine<\/a><\/li>\n\n\n\n<li><a rel=\"noreferrer noopener\" href=\"https:\/\/www.math.uniri.hr\/files\/Raspored_studenata-prva_godina_2022-2023.pdf\" target=\"_blank\">Nastavnici-mentori za studente upisane na studij 2022.\/2023. godine<\/a><\/li>\n\n\n\n<li><a href=\"https:\/\/www.math.uniri.hr\/files\/Raspored_studenata-prva_godina_2021-2022.pdf\" target=\"_blank\" rel=\"noreferrer noopener\">Nastavnici-mentori za studente upisane na studij 2021.\/2022. godine<\/a><\/li>\n\n\n\n<li><a href=\"https:\/\/www.math.uniri.hr\/files\/Raspored_studenata-prva_godina_2020-2021.pdf\" target=\"_blank\" rel=\"noreferrer noopener\">Nastavnici-mentori za studente upisane na studij 2020.\/2021. godine<\/a><\/li>\n\n\n\n<li><a href=\"https:\/\/www.math.uniri.hr\/files\/Raspored_studenata-prva_godina_2019-2020.pdf\" target=\"_blank\" rel=\"noreferrer noopener\">Nastavnici-mentori za studente upisane na studij 2019.\/2020. godine<\/a><\/li>\n\n\n\n<li><a href=\"https:\/\/www.math.uniri.hr\/files\/Raspored_studenata-prva_godina_2018-2019_2.pdf\" target=\"_blank\" rel=\"noreferrer noopener\">Nastavnici-mentori za studente upisane na studij 2018.\/2019. godine<\/a><\/li>\n\n\n\n<li><a href=\"https:\/\/www.math.uniri.hr\/files\/Raspored_studenata-prva_godina_2017_2018_NOVO.pdf\" target=\"_blank\" rel=\"noreferrer noopener\">Nastavnici-mentori za studente upisane na studij 2017.\/2018. godine<\/a><\/li>\n\n\n\n<li><a href=\"https:\/\/www.math.uniri.hr\/files\/novosti\/2016\/Raspored_studenata-prva_godina_2016_2017.pdf\" target=\"_blank\" rel=\"noreferrer noopener\">Nastavnici-mentori za studente upisane na studij 2016.\/2017. godine<\/a><\/li>\n\n\n\n<li><a href=\"https:\/\/www.math.uniri.hr\/files\/Oglasna_ploca\/Raspored_studenata_1516.pdf\" target=\"_blank\" rel=\"noreferrer noopener\">Nastavnici-mentori za studente upisane na studij 2015.\/2016. godine<\/a><\/li>\n\n\n\n<li><a rel=\"noreferrer noopener\" href=\"https:\/\/www.math.uniri.hr\/files\/Oglasna_ploca\/Raspored_studenata_s_e-mail_adresama.pdf\" target=\"_blank\">Nastavnici-mentori za studente upisane na studij 2014.\/2015. godine<\/a><\/li>\n<\/ul>\n\n<\/div>\n\t\t<\/div>\n<\/div>","protected":false},"excerpt":{"rendered":"<p>Studentska slu\u017eba<\/p>\n","protected":false},"author":4,"featured_media":0,"parent":7200,"menu_order":7,"comment_status":"closed","ping_status":"closed","template":"","meta":{"_acf_changed":false,"ub_ctt_via":"","footnotes":""},"class_list":["post-7227","page","type-page","status-publish","hentry"],"acf":[],"featured_image_src":null,"_links":{"self":[{"href":"https:\/\/math.uniri.hr\/en\/wp-json\/wp\/v2\/pages\/7227","targetHints":{"allow":["GET"]}}],"collection":[{"href":"https:\/\/math.uniri.hr\/en\/wp-json\/wp\/v2\/pages"}],"about":[{"href":"https:\/\/math.uniri.hr\/en\/wp-json\/wp\/v2\/types\/page"}],"author":[{"embeddable":true,"href":"https:\/\/math.uniri.hr\/en\/wp-json\/wp\/v2\/users\/4"}],"replies":[{"embeddable":true,"href":"https:\/\/math.uniri.hr\/en\/wp-json\/wp\/v2\/comments?post=7227"}],"version-history":[{"count":3,"href":"https:\/\/math.uniri.hr\/en\/wp-json\/wp\/v2\/pages\/7227\/revisions"}],"predecessor-version":[{"id":7411,"href":"https:\/\/math.uniri.hr\/en\/wp-json\/wp\/v2\/pages\/7227\/revisions\/7411"}],"up":[{"embeddable":true,"href":"https:\/\/math.uniri.hr\/en\/wp-json\/wp\/v2\/pages\/7200"}],"wp:attachment":[{"href":"https:\/\/math.uniri.hr\/en\/wp-json\/wp\/v2\/media?parent=7227"}],"curies":[{"name":"wp","href":"https:\/\/api.w.org\/{rel}","templated":true}]}}